{"id":12842,"date":"2024-03-20T09:43:53","date_gmt":"2024-03-20T09:43:53","guid":{"rendered":"https:\/\/classorga.ch\/terms-of-use\/"},"modified":"2026-04-15T11:52:30","modified_gmt":"2026-04-15T11:52:30","slug":"terms-of-use","status":"publish","type":"page","link":"https:\/\/classorga.ch\/en\/terms-of-use\/","title":{"rendered":"Terms of Use"},"content":{"rendered":"\t\t<div data-elementor-type=\"wp-page\" data-elementor-id=\"12842\" class=\"elementor elementor-12842 elementor-6478\" data-elementor-post-type=\"page\">\n\t\t\t\t<div class=\"elementor-element elementor-element-0fc697e e-flex e-con-boxed e-con e-parent\" data-id=\"0fc697e\" data-element_type=\"container\" data-settings=\"{&quot;background_background&quot;:&quot;classic&quot;}\">\n\t\t\t\t\t<div class=\"e-con-inner\">\n\t\t\t\t<div class=\"elementor-element elementor-element-7f5004d elementor-widget elementor-widget-heading\" data-id=\"7f5004d\" data-element_type=\"widget\" data-widget_type=\"heading.default\">\n\t\t\t\t<div class=\"elementor-widget-container\">\n\t\t\t\t\t<h1 class=\"elementor-heading-title elementor-size-default\">Terms of use<\/h1>\t\t\t\t<\/div>\n\t\t\t\t<\/div>\n\t\t\t\t\t<\/div>\n\t\t\t\t<\/div>\n\t\t<div class=\"elementor-element elementor-element-5ce6de0b e-flex e-con-boxed e-con e-parent\" data-id=\"5ce6de0b\" data-element_type=\"container\">\n\t\t\t\t\t<div class=\"e-con-inner\">\n\t\t\t\t<div class=\"elementor-element elementor-element-2a2d9fb9 elementor-widget elementor-widget-text-editor\" data-id=\"2a2d9fb9\" data-element_type=\"widget\" data-widget_type=\"text-editor.default\">\n\t\t\t\t<div class=\"elementor-widget-container\">\n\t\t\t\t\t\t\t\t\t<p style=\"font-weight: 400;\">The website https:\/\/classorga.ch is the property of Class Orga.<\/p><h2>Site publisher<\/h2><p style=\"font-weight: 400;\"><strong>Legal status:<\/strong> Class Orga is a Swiss SA (public limited company).<\/p><p style=\"font-weight: 400;\"><strong>Registered office:<\/strong> 34 chemin de Grange-Collomb CH-1212 Grand-Lancy\/Geneva<\/p><p style=\"font-weight: 400;\"><strong>Commercial registry number:<\/strong> CHE-107.955.159<\/p><p style=\"font-weight: 400;\"><strong>Federal number:<\/strong> CH-660.0.553.981-2<\/p><p style=\"font-weight: 400;\">\u00a0<\/p><h2>1. Terms of use<\/h2><p style=\"font-weight: 400;\">The website accessible at the following URL: https:\/\/classorga.ch is operated in compliance with Swiss law. The use of this website is governed by the present general terms. By using the website, you acknowledge that you have read and accepted these terms. They may be modified at any time and without notice by Class Orga.<br \/>Class Orga cannot be held liable in any way for misuse of the service.<\/p><h2>2. Editorial manager &amp; host<\/h2><p style=\"font-weight: 400;\"><strong>Publication manager:<\/strong> Maud Thierry, <a href=\"mailto:contact@class-orga.ch\">contact@class-orga.ch<\/a>, +41 22 885 96 80<\/p><p style=\"font-weight: 400;\"><strong>Host:<\/strong><\/p><p style=\"font-weight: 400;\"><strong>OVH SAS<br \/><\/strong>2 rue Kellermann<br \/>59100 Roubaix<br \/>France<br \/>Telephone: 1007<\/p><h2>3. Limitation of liability<\/h2><p style=\"font-weight: 400;\">Class Orga does not guarantee in any way the accuracy, precision, completeness or adequacy of the information made available on its website, including all hyperlinks or any other digital connection used, directly or indirectly, from its website. If you find an error, an inconsistency or a malfunction, please report it to the publication manager whose contact details are given on this page.<\/p><p style=\"font-weight: 400;\">Class Orga declines any responsibility regarding the use of the information published on this website, and for any direct or indirect damage that may result from it.<\/p><p style=\"font-weight: 400;\">Hyperlinks on our website redirecting to other websites cannot engage Class Orga\u2019s liability, whatever their content or potential malfunction.<\/p><p style=\"font-weight: 400;\">Content downloaded from our website is done under the sole responsibility of the user. Consequently, Class Orga cannot be held liable for any damage, whether to the user\u2019s equipment or data, resulting from the download.<\/p><h2>4. Information and exclusion<\/h2><p style=\"font-weight: 400;\">Despite Class Orga\u2019s efforts to ensure reliable information and reliable updates of its websites, errors or omissions may occur. The user should therefore check the accuracy of the information with Class Orga and report any change to the website that may be useful. Class Orga is in no way responsible for the use made of this information and for any direct or indirect damage that may result from it.<\/p><h2>5. Intellectual property<\/h2><p style=\"font-weight: 400;\">Copyright Class Orga. All copyright of texts and works reserved.<\/p><p style=\"font-weight: 400;\">The website is protected by copyright. Any use of all or part of the website, in particular by downloading, reproduction, transmission or representation on any medium and by any process, for purposes other than personal and private use for non-commercial purposes, is strictly prohibited.<\/p><p style=\"font-weight: 400;\">The use of Class Orga\u2019s logo and corporate name must be subject to prior written authorisation from the owner.<\/p><p style=\"font-weight: 400;\">More generally, any unauthorised reproduction or representation of trademarks, logos, designs, models, literary, musical, audiovisual, photographic works and more broadly any element that may be protected by an intellectual property right accessible on the website is prohibited and would constitute an infringement under the applicable intellectual property law, unless such reproduction or representation is exclusively reserved for strictly personal and private use.<\/p><h2>6. Data confidentiality<\/h2><p style=\"font-weight: 400;\">The privacy policy regarding data collected from this website is detailed on the <a style=\"color: #cd1c24;\" href=\"https:\/\/classorga.ch\/en\/privacy-policy\/\"><u>privacy policy<\/u><\/a> page.<\/p><h2>7. Cookies<\/h2><p style=\"font-weight: 400;\">The use of cookies across this website is detailed within our <a style=\"color: #cd1c24;\" href=\"https:\/\/classorga.ch\/en\/privacy-policy\/\"><u>privacy policy<\/u>.<\/a><\/p><p style=\"font-weight: 400;\">\u00a0<\/p>\t\t\t\t\t\t\t\t<\/div>\n\t\t\t\t<\/div>\n\t\t\t\t\t<\/div>\n\t\t\t\t<\/div>\n\t\t\t\t<\/div>\n\t\t","protected":false},"excerpt":{"rendered":"<p>Terms of use The website https:\/\/classorga.ch is the property of Class Orga. Site publisher Legal status: Class Orga is a Swiss SA (public limited company). Registered office: 34 chemin de Grange-Collomb CH-1212 Grand-Lancy\/Geneva Commercial registry number: CHE-107.955.159 Federal number: CH-660.0.553.981-2 \u00a0 1. Terms of use The website accessible at the following URL: https:\/\/classorga.ch is operated [&hellip;]<\/p>\n","protected":false},"author":5,"featured_media":0,"parent":0,"menu_order":0,"comment_status":"closed","ping_status":"closed","template":"","meta":{"_acf_changed":false,"footnotes":""},"class_list":["post-12842","page","type-page","status-publish","hentry"],"acf":[],"yoast_head":"<!-- This site is optimized with the Yoast SEO plugin v27.4 - https:\/\/yoast.com\/product\/yoast-seo-wordpress\/ -->\n<title>Terms of Use - Class Orga<\/title>\n<meta name=\"robots\" content=\"index, follow, max-snippet:-1, max-image-preview:large, max-video-preview:-1\" \/>\n<link rel=\"canonical\" href=\"https:\/\/classorga.ch\/en\/terms-of-use\/\" \/>\n<meta property=\"og:locale\" content=\"en_US\" \/>\n<meta property=\"og:type\" content=\"article\" \/>\n<meta property=\"og:title\" content=\"Terms of Use - Class Orga\" \/>\n<meta property=\"og:description\" content=\"Terms of use The website https:\/\/classorga.ch is the property of Class Orga. Site publisher Legal status: Class Orga is a Swiss SA (public limited company). Registered office: 34 chemin de Grange-Collomb CH-1212 Grand-Lancy\/Geneva Commercial registry number: CHE-107.955.159 Federal number: CH-660.0.553.981-2 \u00a0 1. Terms of use The website accessible at the following URL: https:\/\/classorga.ch is operated [&hellip;]\" \/>\n<meta property=\"og:url\" content=\"https:\/\/classorga.ch\/en\/terms-of-use\/\" \/>\n<meta property=\"og:site_name\" content=\"Class Orga\" \/>\n<meta property=\"article:modified_time\" content=\"2026-04-15T11:52:30+00:00\" \/>\n<meta name=\"twitter:card\" content=\"summary_large_image\" \/>\n<meta name=\"twitter:label1\" content=\"Est. reading time\" \/>\n\t<meta name=\"twitter:data1\" content=\"3 minutes\" \/>\n<script type=\"application\/ld+json\" class=\"yoast-schema-graph\">{\"@context\":\"https:\\\/\\\/schema.org\",\"@graph\":[{\"@type\":\"WebPage\",\"@id\":\"https:\\\/\\\/classorga.ch\\\/en\\\/terms-of-use\\\/\",\"url\":\"https:\\\/\\\/classorga.ch\\\/en\\\/terms-of-use\\\/\",\"name\":\"Terms of Use - Class Orga\",\"isPartOf\":{\"@id\":\"https:\\\/\\\/classorga.ch\\\/en\\\/#website\"},\"datePublished\":\"2024-03-20T09:43:53+00:00\",\"dateModified\":\"2026-04-15T11:52:30+00:00\",\"breadcrumb\":{\"@id\":\"https:\\\/\\\/classorga.ch\\\/en\\\/terms-of-use\\\/#breadcrumb\"},\"inLanguage\":\"en-CH\",\"potentialAction\":[{\"@type\":\"ReadAction\",\"target\":[\"https:\\\/\\\/classorga.ch\\\/en\\\/terms-of-use\\\/\"]}]},{\"@type\":\"BreadcrumbList\",\"@id\":\"https:\\\/\\\/classorga.ch\\\/en\\\/terms-of-use\\\/#breadcrumb\",\"itemListElement\":[{\"@type\":\"ListItem\",\"position\":1,\"name\":\"Home\",\"item\":\"https:\\\/\\\/classorga.ch\\\/en\\\/home\\\/\"},{\"@type\":\"ListItem\",\"position\":2,\"name\":\"Terms of Use\"}]},{\"@type\":\"WebSite\",\"@id\":\"https:\\\/\\\/classorga.ch\\\/en\\\/#website\",\"url\":\"https:\\\/\\\/classorga.ch\\\/en\\\/\",\"name\":\"Class Orga\",\"description\":\"Am\u00e9nagement int\u00e9rieur Gen\u00e8ve\",\"publisher\":{\"@id\":\"https:\\\/\\\/classorga.ch\\\/en\\\/#organization\"},\"potentialAction\":[{\"@type\":\"SearchAction\",\"target\":{\"@type\":\"EntryPoint\",\"urlTemplate\":\"https:\\\/\\\/classorga.ch\\\/en\\\/?s={search_term_string}\"},\"query-input\":{\"@type\":\"PropertyValueSpecification\",\"valueRequired\":true,\"valueName\":\"search_term_string\"}}],\"inLanguage\":\"en-CH\"},{\"@type\":\"Organization\",\"@id\":\"https:\\\/\\\/classorga.ch\\\/en\\\/#organization\",\"name\":\"Class Orga\",\"url\":\"https:\\\/\\\/classorga.ch\\\/en\\\/\",\"logo\":{\"@type\":\"ImageObject\",\"inLanguage\":\"en-CH\",\"@id\":\"https:\\\/\\\/classorga.ch\\\/en\\\/#\\\/schema\\\/logo\\\/image\\\/\",\"url\":\"https:\\\/\\\/classorga.ch\\\/wp-content\\\/uploads\\\/2023\\\/07\\\/logo-class-orga.svg\",\"contentUrl\":\"https:\\\/\\\/classorga.ch\\\/wp-content\\\/uploads\\\/2023\\\/07\\\/logo-class-orga.svg\",\"width\":122,\"height\":122,\"caption\":\"Class Orga\"},\"image\":{\"@id\":\"https:\\\/\\\/classorga.ch\\\/en\\\/#\\\/schema\\\/logo\\\/image\\\/\"}}]}<\/script>\n<!-- \/ Yoast SEO plugin. -->","yoast_head_json":{"title":"Terms of Use - Class Orga","robots":{"index":"index","follow":"follow","max-snippet":"max-snippet:-1","max-image-preview":"max-image-preview:large","max-video-preview":"max-video-preview:-1"},"canonical":"https:\/\/classorga.ch\/en\/terms-of-use\/","og_locale":"en_US","og_type":"article","og_title":"Terms of Use - Class Orga","og_description":"Terms of use The website https:\/\/classorga.ch is the property of Class Orga. Site publisher Legal status: Class Orga is a Swiss SA (public limited company). Registered office: 34 chemin de Grange-Collomb CH-1212 Grand-Lancy\/Geneva Commercial registry number: CHE-107.955.159 Federal number: CH-660.0.553.981-2 \u00a0 1. Terms of use The website accessible at the following URL: https:\/\/classorga.ch is operated [&hellip;]","og_url":"https:\/\/classorga.ch\/en\/terms-of-use\/","og_site_name":"Class Orga","article_modified_time":"2026-04-15T11:52:30+00:00","twitter_card":"summary_large_image","twitter_misc":{"Est. reading time":"3 minutes"},"schema":{"@context":"https:\/\/schema.org","@graph":[{"@type":"WebPage","@id":"https:\/\/classorga.ch\/en\/terms-of-use\/","url":"https:\/\/classorga.ch\/en\/terms-of-use\/","name":"Terms of Use - Class Orga","isPartOf":{"@id":"https:\/\/classorga.ch\/en\/#website"},"datePublished":"2024-03-20T09:43:53+00:00","dateModified":"2026-04-15T11:52:30+00:00","breadcrumb":{"@id":"https:\/\/classorga.ch\/en\/terms-of-use\/#breadcrumb"},"inLanguage":"en-CH","potentialAction":[{"@type":"ReadAction","target":["https:\/\/classorga.ch\/en\/terms-of-use\/"]}]},{"@type":"BreadcrumbList","@id":"https:\/\/classorga.ch\/en\/terms-of-use\/#breadcrumb","itemListElement":[{"@type":"ListItem","position":1,"name":"Home","item":"https:\/\/classorga.ch\/en\/home\/"},{"@type":"ListItem","position":2,"name":"Terms of Use"}]},{"@type":"WebSite","@id":"https:\/\/classorga.ch\/en\/#website","url":"https:\/\/classorga.ch\/en\/","name":"Class Orga","description":"Am\u00e9nagement int\u00e9rieur Gen\u00e8ve","publisher":{"@id":"https:\/\/classorga.ch\/en\/#organization"},"potentialAction":[{"@type":"SearchAction","target":{"@type":"EntryPoint","urlTemplate":"https:\/\/classorga.ch\/en\/?s={search_term_string}"},"query-input":{"@type":"PropertyValueSpecification","valueRequired":true,"valueName":"search_term_string"}}],"inLanguage":"en-CH"},{"@type":"Organization","@id":"https:\/\/classorga.ch\/en\/#organization","name":"Class Orga","url":"https:\/\/classorga.ch\/en\/","logo":{"@type":"ImageObject","inLanguage":"en-CH","@id":"https:\/\/classorga.ch\/en\/#\/schema\/logo\/image\/","url":"https:\/\/classorga.ch\/wp-content\/uploads\/2023\/07\/logo-class-orga.svg","contentUrl":"https:\/\/classorga.ch\/wp-content\/uploads\/2023\/07\/logo-class-orga.svg","width":122,"height":122,"caption":"Class Orga"},"image":{"@id":"https:\/\/classorga.ch\/en\/#\/schema\/logo\/image\/"}}]}},"_links":{"self":[{"href":"https:\/\/classorga.ch\/en\/wp-json\/wp\/v2\/pages\/12842","targetHints":{"allow":["GET"]}}],"collection":[{"href":"https:\/\/classorga.ch\/en\/wp-json\/wp\/v2\/pages"}],"about":[{"href":"https:\/\/classorga.ch\/en\/wp-json\/wp\/v2\/types\/page"}],"author":[{"embeddable":true,"href":"https:\/\/classorga.ch\/en\/wp-json\/wp\/v2\/users\/5"}],"replies":[{"embeddable":true,"href":"https:\/\/classorga.ch\/en\/wp-json\/wp\/v2\/comments?post=12842"}],"version-history":[{"count":0,"href":"https:\/\/classorga.ch\/en\/wp-json\/wp\/v2\/pages\/12842\/revisions"}],"wp:attachment":[{"href":"https:\/\/classorga.ch\/en\/wp-json\/wp\/v2\/media?parent=12842"}],"curies":[{"name":"wp","href":"https:\/\/api.w.org\/{rel}","templated":true}]}}