{"id":8196,"date":"2024-01-16T14:54:29","date_gmt":"2024-01-16T14:54:29","guid":{"rendered":"https:\/\/classorga.ch\/offices\/"},"modified":"2024-10-01T09:17:51","modified_gmt":"2024-10-01T09:17:51","slug":"offices","status":"publish","type":"page","link":"https:\/\/classorga.ch\/en\/offices\/","title":{"rendered":"Offices"},"content":{"rendered":"\t\t<div data-elementor-type=\"wp-page\" data-elementor-id=\"8196\" class=\"elementor elementor-8196 elementor-929\" data-elementor-post-type=\"page\">\n\t\t\t\t<div class=\"elementor-element elementor-element-33648f2 e-flex e-con-boxed e-con e-parent\" data-id=\"33648f2\" data-element_type=\"container\" data-settings=\"{&quot;background_background&quot;:&quot;classic&quot;}\">\n\t\t\t\t\t<div class=\"e-con-inner\">\n\t\t\t\t<div class=\"elementor-element elementor-element-a1e7780 elementor-widget elementor-widget-text-editor\" data-id=\"a1e7780\" data-element_type=\"widget\" data-widget_type=\"text-editor.default\">\n\t\t\t\t<div class=\"elementor-widget-container\">\n\t\t\t\t\t\t\t\t\t<p>Achievements<\/p>\n\t\t\t\t\t\t\t\t<\/div>\n\t\t\t\t<\/div>\n\t\t\t\t<div class=\"elementor-element elementor-element-99e41a1 elementor-widget elementor-widget-heading\" data-id=\"99e41a1\" data-element_type=\"widget\" data-widget_type=\"heading.default\">\n\t\t\t\t<div class=\"elementor-widget-container\">\n\t\t\t\t\t<h1 class=\"elementor-heading-title elementor-size-default\">office design<\/h1>\t\t\t\t<\/div>\n\t\t\t\t<\/div>\n\t\t\t\t\t<\/div>\n\t\t\t\t<\/div>\n\t\t<div class=\"elementor-element elementor-element-bb59abc e-flex e-con-boxed e-con e-parent\" data-id=\"bb59abc\" data-element_type=\"container\" data-settings=\"{&quot;background_background&quot;:&quot;classic&quot;}\">\n\t\t\t\t\t<div class=\"e-con-inner\">\n\t\t\t\t<div class=\"elementor-element elementor-element-a6b73bc elementor-widget elementor-widget-shortcode\" data-id=\"a6b73bc\" data-element_type=\"widget\" data-widget_type=\"shortcode.default\">\n\t\t\t\t<div class=\"elementor-widget-container\">\n\t\t\t\t\t\t\t<div class=\"elementor-shortcode\">\n    <div class=\"realisations-shortcode\">\n\n        <div class=\"page-container\">\n            <div class=\"grid-sizer\"><\/div>\n\n                                <div class=\"element-item office-fit-out \">\n                        <a href=\"https:\/\/classorga.ch\/en\/realisations\/office-design-for-an-international-company\/\">\n                            <div>\n                                <div class=\"background\" style=\"background-image: url(https:\/\/classorga.ch\/wp-content\/uploads\/2024\/07\/COB-INT-06.webp)\"><\/div>\n                                <div class=\"overlay\">\n                                     <div>\n                                    <p>__ International company<\/p>\n                                    <h2>Office design for an international company<\/h2>\n                                    <\/div>\n                                <\/div>\n                            <\/div>\n                        <\/a>\n                    <\/div>\n\n\n                                    <div class=\"element-item office-fit-out \">\n                        <a href=\"https:\/\/classorga.ch\/en\/realisations\/office-design-for-a-trading-company\/\">\n                            <div>\n                                <div class=\"background\" style=\"background-image: url(https:\/\/classorga.ch\/wp-content\/uploads\/2024\/07\/COB-BUREAUX-1.webp)\"><\/div>\n                                <div class=\"overlay\">\n                                     <div>\n                                    <p>__ Trading company in Geneva<\/p>\n                                    <h2>Office design for a trading company<\/h2>\n                                    <\/div>\n                                <\/div>\n                            <\/div>\n                        <\/a>\n                    <\/div>\n\n\n                                    <div class=\"element-item office-fit-out \">\n                        <a href=\"https:\/\/classorga.ch\/en\/realisations\/office-design-for-a-company\/\">\n                            <div>\n                                <div class=\"background\" style=\"background-image: url(https:\/\/classorga.ch\/wp-content\/uploads\/2024\/07\/COB-entreprise-accueil1.webp)\"><\/div>\n                                <div class=\"overlay\">\n                                     <div>\n                                    <p>__ GS\u00e9<\/p>\n                                    <h2>Office design for a company<\/h2>\n                                    <\/div>\n                                <\/div>\n                            <\/div>\n                        <\/a>\n                    <\/div>\n\n\n                                    <div class=\"element-item office-fit-out \">\n                        <a href=\"https:\/\/classorga.ch\/en\/realisations\/office-design-for-the-headquarters-of-a-private-bank\/\">\n                            <div>\n                                <div class=\"background\" style=\"background-image: url(https:\/\/classorga.ch\/wp-content\/uploads\/2024\/03\/espace-pause-open-space.webp)\"><\/div>\n                                <div class=\"overlay\">\n                                     <div>\n                                    <p>__ Private Banking<\/p>\n                                    <h2>Office design for the headquarters of a private bank<\/h2>\n                                    <\/div>\n                                <\/div>\n                            <\/div>\n                        <\/a>\n                    <\/div>\n\n\n                                    <div class=\"element-item office-fit-out \">\n                        <a href=\"https:\/\/classorga.ch\/en\/realisations\/office-design-for-a-trading-company-geneva\/\">\n                            <div>\n                                <div class=\"background\" style=\"background-image: url(https:\/\/classorga.ch\/wp-content\/uploads\/2024\/03\/accueil-1-scaled.webp)\"><\/div>\n                                <div class=\"overlay\">\n                                     <div>\n                                    <p>__ Trading company  <\/p>\n                                    <h2>Office design for a trading company &#8211; Geneva<\/h2>\n                                    <\/div>\n                                <\/div>\n                            <\/div>\n                        <\/a>\n                    <\/div>\n\n\n                        <\/div>\n    <\/div>\n<script>\n\n\t\nwindow.addEventListener('load', function () {\n\n\tconst shortcode = document.querySelectorAll('.realisations-shortcode .element-item')[0];\n\tfunction isInViewport(item) {\n\n\t\tvar bounding = item.getBoundingClientRect(),\n\t\t\tmyElementHeight = item.offsetHeight,\n\t\t\tmyElementWidth = item.offsetWidth;\n\n\t\tif (bounding.top >= -myElementHeight\n\t\t\t&& bounding.left >= -myElementWidth\n\t\t\t&& bounding.right <= (window.innerWidth || document.documentElement.clientWidth) + myElementWidth\n\t\t\t&& bounding.bottom <= (window.innerHeight || document.documentElement.clientHeight) + myElementHeight) {\n\t\t\treturn true;\n\t\t} else {\n\t\t\treturn false;\n\t\t}\n\t}\n\n\tconst check = () => {\n\t\tif (isInViewport(shortcode)) {\n\t\t\tdocument.querySelectorAll('.realisations-shortcode .element-item').forEach((element, index) => {\n\t\t\t\tsetTimeout(() => {\n\t\t\t\t\telement.classList.add('anim');\n\t\t\t\t}, 100 * index);\n\t\t\t}\n\t\t\t);\n\t\t}\n\t}\n\n\tcheck();\n\n\n\t\/* Window Scrolling *\/\n\twindow.addEventListener(\"scroll\", function () {\n\t\tcheck();\n\t});\n\n});\n<\/script>\n\n<script src='https:\/\/npmcdn.com\/isotope-layout@3\/dist\/isotope.pkgd.js'><\/script>\n<script>\n    var iso = new Isotope('.page-container', {\n        itemSelector: '.element-item',\n        percentPosition: true,\n        masonry: {\n            \/\/ use outer width of grid-sizer for columnWidth\n            columnWidth: '.grid-sizer'\n        }\n    });\n\n\n   \/* \/\/ bind filter button click\n    var filtersElem = document.querySelector('.filter-button-group');\n    filtersElem.addEventListener('click', function(event) {\n        var filterValue = event.target.getAttribute('data-filter');\n        \/\/ use matching filter function\n        iso.arrange({\n            filter: filterValue\n        });\n    });\n\n    \/\/ change is-checked class on buttons\n    jQuery('.button-group').each(function(i, buttonGroup) {\n        var $buttonGroup = jQuery(buttonGroup);\n        $buttonGroup.on('click', 'button', function() {\n            $buttonGroup.find('.is-checked').removeClass('is-checked');\n            jQuery(this).addClass('is-checked');\n        });\n    });*\/\n\n    iso.on('arrangeComplete', changeLayout);\n\n    async function changeLayout() {\n        var p = 1;\n        jQuery('.element-item:visible').each(function(i, itemElem) {\n            var $itemElem = jQuery(itemElem);\n            if ($itemElem.hasClass('element-item--width2')) {\n                $itemElem.removeClass('element-item--width2');\n            }\n            if (i === 0) {\n                $itemElem.addClass('element-item--width2');\n            } else if (p > 2) {\n                $itemElem.addClass('element-item--width2');\n            }\n\n            if (i != 0) {\n                p++;\n            };\n\n            if (p > 4) {\n                p = 1;\n            };\n        });\n\n        await new Promise(r => setTimeout(r, 100));\n        iso.layout();\n    }\n\n    changeLayout();\n<\/script>\n\n\n<\/div>\n\t\t\t\t\t\t<\/div>\n\t\t\t\t<\/div>\n\t\t\t\t\t<\/div>\n\t\t\t\t<\/div>\n\t\t\t\t<\/div>\n\t\t","protected":false},"excerpt":{"rendered":"<p>Achievements office design<\/p>\n","protected":false},"author":5,"featured_media":0,"parent":0,"menu_order":0,"comment_status":"closed","ping_status":"closed","template":"","meta":{"_acf_changed":false,"footnotes":""},"class_list":["post-8196","page","type-page","status-publish","hentry"],"acf":[],"yoast_head":"<!-- This site is optimized with the Yoast SEO plugin v27.4 - https:\/\/yoast.com\/product\/yoast-seo-wordpress\/ -->\n<title>Offices - Class Orga<\/title>\n<meta name=\"description\" content=\"Discover office design solutions for businesses in Geneva that combine modernity and functionality and optimize your workspace.\" \/>\n<meta name=\"robots\" content=\"index, follow, max-snippet:-1, max-image-preview:large, max-video-preview:-1\" \/>\n<link rel=\"canonical\" href=\"https:\/\/classorga.ch\/en\/offices\/\" \/>\n<meta property=\"og:locale\" content=\"en_US\" \/>\n<meta property=\"og:type\" content=\"article\" \/>\n<meta property=\"og:title\" content=\"Offices - Class Orga\" \/>\n<meta property=\"og:description\" content=\"Discover office design solutions for businesses in Geneva that combine modernity and functionality and optimize your workspace.\" \/>\n<meta property=\"og:url\" content=\"https:\/\/classorga.ch\/en\/offices\/\" \/>\n<meta property=\"og:site_name\" content=\"Class Orga\" \/>\n<meta property=\"article:modified_time\" content=\"2024-10-01T09:17:51+00:00\" \/>\n<meta name=\"twitter:card\" content=\"summary_large_image\" \/>\n<meta name=\"twitter:label1\" content=\"Est. reading time\" \/>\n\t<meta name=\"twitter:data1\" content=\"1 minute\" \/>\n<script type=\"application\/ld+json\" class=\"yoast-schema-graph\">{\"@context\":\"https:\\\/\\\/schema.org\",\"@graph\":[{\"@type\":\"WebPage\",\"@id\":\"https:\\\/\\\/classorga.ch\\\/en\\\/offices\\\/\",\"url\":\"https:\\\/\\\/classorga.ch\\\/en\\\/offices\\\/\",\"name\":\"Offices - Class Orga\",\"isPartOf\":{\"@id\":\"https:\\\/\\\/classorga.ch\\\/en\\\/#website\"},\"datePublished\":\"2024-01-16T14:54:29+00:00\",\"dateModified\":\"2024-10-01T09:17:51+00:00\",\"description\":\"Discover office design solutions for businesses in Geneva that combine modernity and functionality and optimize your workspace.\",\"breadcrumb\":{\"@id\":\"https:\\\/\\\/classorga.ch\\\/en\\\/offices\\\/#breadcrumb\"},\"inLanguage\":\"en-CH\",\"potentialAction\":[{\"@type\":\"ReadAction\",\"target\":[\"https:\\\/\\\/classorga.ch\\\/en\\\/offices\\\/\"]}]},{\"@type\":\"BreadcrumbList\",\"@id\":\"https:\\\/\\\/classorga.ch\\\/en\\\/offices\\\/#breadcrumb\",\"itemListElement\":[{\"@type\":\"ListItem\",\"position\":1,\"name\":\"Home\",\"item\":\"https:\\\/\\\/classorga.ch\\\/en\\\/home\\\/\"},{\"@type\":\"ListItem\",\"position\":2,\"name\":\"Offices\"}]},{\"@type\":\"WebSite\",\"@id\":\"https:\\\/\\\/classorga.ch\\\/en\\\/#website\",\"url\":\"https:\\\/\\\/classorga.ch\\\/en\\\/\",\"name\":\"Class Orga\",\"description\":\"Am\u00e9nagement int\u00e9rieur Gen\u00e8ve\",\"publisher\":{\"@id\":\"https:\\\/\\\/classorga.ch\\\/en\\\/#organization\"},\"potentialAction\":[{\"@type\":\"SearchAction\",\"target\":{\"@type\":\"EntryPoint\",\"urlTemplate\":\"https:\\\/\\\/classorga.ch\\\/en\\\/?s={search_term_string}\"},\"query-input\":{\"@type\":\"PropertyValueSpecification\",\"valueRequired\":true,\"valueName\":\"search_term_string\"}}],\"inLanguage\":\"en-CH\"},{\"@type\":\"Organization\",\"@id\":\"https:\\\/\\\/classorga.ch\\\/en\\\/#organization\",\"name\":\"Class Orga\",\"url\":\"https:\\\/\\\/classorga.ch\\\/en\\\/\",\"logo\":{\"@type\":\"ImageObject\",\"inLanguage\":\"en-CH\",\"@id\":\"https:\\\/\\\/classorga.ch\\\/en\\\/#\\\/schema\\\/logo\\\/image\\\/\",\"url\":\"https:\\\/\\\/classorga.ch\\\/wp-content\\\/uploads\\\/2023\\\/07\\\/logo-class-orga.svg\",\"contentUrl\":\"https:\\\/\\\/classorga.ch\\\/wp-content\\\/uploads\\\/2023\\\/07\\\/logo-class-orga.svg\",\"width\":122,\"height\":122,\"caption\":\"Class Orga\"},\"image\":{\"@id\":\"https:\\\/\\\/classorga.ch\\\/en\\\/#\\\/schema\\\/logo\\\/image\\\/\"}}]}<\/script>\n<!-- \/ Yoast SEO plugin. -->","yoast_head_json":{"title":"Offices - Class Orga","description":"Discover office design solutions for businesses in Geneva that combine modernity and functionality and optimize your workspace.","robots":{"index":"index","follow":"follow","max-snippet":"max-snippet:-1","max-image-preview":"max-image-preview:large","max-video-preview":"max-video-preview:-1"},"canonical":"https:\/\/classorga.ch\/en\/offices\/","og_locale":"en_US","og_type":"article","og_title":"Offices - Class Orga","og_description":"Discover office design solutions for businesses in Geneva that combine modernity and functionality and optimize your workspace.","og_url":"https:\/\/classorga.ch\/en\/offices\/","og_site_name":"Class Orga","article_modified_time":"2024-10-01T09:17:51+00:00","twitter_card":"summary_large_image","twitter_misc":{"Est. reading time":"1 minute"},"schema":{"@context":"https:\/\/schema.org","@graph":[{"@type":"WebPage","@id":"https:\/\/classorga.ch\/en\/offices\/","url":"https:\/\/classorga.ch\/en\/offices\/","name":"Offices - Class Orga","isPartOf":{"@id":"https:\/\/classorga.ch\/en\/#website"},"datePublished":"2024-01-16T14:54:29+00:00","dateModified":"2024-10-01T09:17:51+00:00","description":"Discover office design solutions for businesses in Geneva that combine modernity and functionality and optimize your workspace.","breadcrumb":{"@id":"https:\/\/classorga.ch\/en\/offices\/#breadcrumb"},"inLanguage":"en-CH","potentialAction":[{"@type":"ReadAction","target":["https:\/\/classorga.ch\/en\/offices\/"]}]},{"@type":"BreadcrumbList","@id":"https:\/\/classorga.ch\/en\/offices\/#breadcrumb","itemListElement":[{"@type":"ListItem","position":1,"name":"Home","item":"https:\/\/classorga.ch\/en\/home\/"},{"@type":"ListItem","position":2,"name":"Offices"}]},{"@type":"WebSite","@id":"https:\/\/classorga.ch\/en\/#website","url":"https:\/\/classorga.ch\/en\/","name":"Class Orga","description":"Am\u00e9nagement int\u00e9rieur Gen\u00e8ve","publisher":{"@id":"https:\/\/classorga.ch\/en\/#organization"},"potentialAction":[{"@type":"SearchAction","target":{"@type":"EntryPoint","urlTemplate":"https:\/\/classorga.ch\/en\/?s={search_term_string}"},"query-input":{"@type":"PropertyValueSpecification","valueRequired":true,"valueName":"search_term_string"}}],"inLanguage":"en-CH"},{"@type":"Organization","@id":"https:\/\/classorga.ch\/en\/#organization","name":"Class Orga","url":"https:\/\/classorga.ch\/en\/","logo":{"@type":"ImageObject","inLanguage":"en-CH","@id":"https:\/\/classorga.ch\/en\/#\/schema\/logo\/image\/","url":"https:\/\/classorga.ch\/wp-content\/uploads\/2023\/07\/logo-class-orga.svg","contentUrl":"https:\/\/classorga.ch\/wp-content\/uploads\/2023\/07\/logo-class-orga.svg","width":122,"height":122,"caption":"Class Orga"},"image":{"@id":"https:\/\/classorga.ch\/en\/#\/schema\/logo\/image\/"}}]}},"_links":{"self":[{"href":"https:\/\/classorga.ch\/en\/wp-json\/wp\/v2\/pages\/8196","targetHints":{"allow":["GET"]}}],"collection":[{"href":"https:\/\/classorga.ch\/en\/wp-json\/wp\/v2\/pages"}],"about":[{"href":"https:\/\/classorga.ch\/en\/wp-json\/wp\/v2\/types\/page"}],"author":[{"embeddable":true,"href":"https:\/\/classorga.ch\/en\/wp-json\/wp\/v2\/users\/5"}],"replies":[{"embeddable":true,"href":"https:\/\/classorga.ch\/en\/wp-json\/wp\/v2\/comments?post=8196"}],"version-history":[{"count":0,"href":"https:\/\/classorga.ch\/en\/wp-json\/wp\/v2\/pages\/8196\/revisions"}],"wp:attachment":[{"href":"https:\/\/classorga.ch\/en\/wp-json\/wp\/v2\/media?parent=8196"}],"curies":[{"name":"wp","href":"https:\/\/api.w.org\/{rel}","templated":true}]}}